{"id":83,"date":"2021-01-31T18:50:18","date_gmt":"2021-01-31T18:50:18","guid":{"rendered":"http:\/\/7prod.ml\/?page_id=83"},"modified":"2026-02-21T11:47:09","modified_gmt":"2026-02-21T10:47:09","slug":"vitaj","status":"publish","type":"page","link":"https:\/\/www.7prod.eu\/","title":{"rendered":""},"content":{"rendered":"\n\n\nVitaj\n\n\n\n\n\n<h2>Postar\u00e1m sa o teba v digit\u00e1lnom svete<\/h2>\n\n\n\n\n\n\n\n\n\n\n\n<h2><br><br><\/h2>\n\n\n\n<h1>O mne<\/h1>\n\n\n\n<h2><br><\/h2>\n\n\n\n\n\n<div class=\"wp-block-group\"><div class=\"wp-block-group__inner-container is-layout-constrained wp-block-group-is-layout-constrained\">\nD\u00e1vid Cs\u00far\n<\/div><\/div>\n\n\n\nSom mlad\u00fd kameraman a striha\u010d, <br>ktor\u00fd m\u00e1 za sebou vy\u0161e 70 <br>vide\u00ed a kr\u00e1tkych filmov. <br>Kamera je pre m\u0148a sp\u00f4sob, <br>ako rozpr\u00e1va\u0165 pr\u00edbehy svetlom, <br>pohybom a em\u00f3ciou.<br>david@7prod.eu<br>+421 948 685 063\n\n\n\n\n\n<br>D\u00e1vid Cs\u00far<br><br><br><br><br><br><br><br><br>david@7prod.eu<br>+421 948 685 063<br><br><br>\n\n\n\n<div data-wp-interactive=\"core\/file\" class=\"wp-block-file .slide-top{-webkit-animation:slide-top .5s both;animation:slide-top both}\"><object data-wp-bind--hidden=\"!state.hasPdfPreview\" hidden class=\"wp-block-file__embed\" data=\"https:\/\/www.7prod.eu\/wp-content\/uploads\/2026\/02\/david_csur_CV_2026-3.pdf\" type=\"application\/pdf\" style=\"width:100%;height:600px\" aria-label=\"Vlo\u017ei\u0165 david_csur_CV_2026.\"><\/object><a id=\"wp-block-file--media-d3e8c343-1745-4c7b-8adb-07480b12d973\" href=\"https:\/\/www.7prod.eu\/wp-content\/uploads\/2026\/02\/david_csur_CV_2026-3.pdf\">david_csur_CV_2026<\/a><a href=\"https:\/\/www.7prod.eu\/wp-content\/uploads\/2026\/02\/david_csur_CV_2026-3.pdf\" class=\"wp-block-file__button wp-element-button\" download aria-describedby=\"wp-block-file--media-d3e8c343-1745-4c7b-8adb-07480b12d973\">Stiahnu\u0165<\/a><\/div>\n\n\n\n<h1><br><br><br>Slu\u017eby<\/h1>\n\n\n\n\n\n<strong>Video \ud83c\udfac<\/strong>\n\n\n\n<p><br><\/p>\n\n\n\n<h2><strong>Propaga\u010dn\u00e9 vide\u00e1<\/strong><br>Aftermovies<br><strong>Hudobne klipy<\/strong><br><strong>Vide\u00e1 z dronu<\/strong><br><strong>360 <\/strong>video<\/h2>\n\n\n\n\n\n\n\nFoto \ud83d\udcf7\n\n\n\n<p><br><\/p>\n\n\n\n<h2>Produktov\u00e9 Fotenie<br>Portr\u00e9tov\u00e9 fotenie<br>Akciov\u00e9 fotenie<br>Dronov\u00e9 fotenie<br>360 fotenie<\/h2>\n\n\n\n\n\n\n\n<strong>Soc. siet<\/strong>e \ud83c\udf10\n\n\n\n<p><br><\/p>\n\n\n\n<h2><strong>Spravovanie Instagramu<\/strong><br><strong>Spravovanie Facebooku<\/strong><br>Propag\u00e1cia na socialnych sie\u0165ach<br><br><br><br><\/h2>\n\n\n\n\n\n<h1><br><br>Portf\u00f3lio<br><\/h1>\n\n\n\n\n\n\n\n\n\n\n<p><\/p>\n\n\n\n<p><\/p>\n\n\n\n<p><\/p>\n\n\n\n<p><\/p>\n\n\n\n<p><\/p>\n\n\n\n<p><\/p>\n\n\n\n<p><\/p>\n\n\n\n\n\n\n\n<p><\/p>\n\n\n\n<p><\/p>\n\n\n\n<p><\/p>\n\n\n\n<p><\/p>\n\n\n\n<p><\/p>\n\n\n\n<p><\/p>\n\n\n\n<p><\/p>\n\n\n\n\n\n\n\n<figure class=\"wp-block-gallery has-nested-images columns-default is-cropped wp-block-gallery-1 is-layout-flex wp-block-gallery-is-layout-flex\">\n<figure class=\"wp-block-image size-large\"><img fetchpriority=\"high\" decoding=\"async\" width=\"683\" height=\"1024\" data-id=\"1013\" src=\"https:\/\/www.7prod.eu\/wp-content\/uploads\/2025\/12\/Csurweb-8-683x1024.jpg\" alt=\"\" class=\"wp-image-1013\" srcset=\"https:\/\/www.7prod.eu\/wp-content\/uploads\/2025\/12\/Csurweb-8-683x1024.jpg 683w, https:\/\/www.7prod.eu\/wp-content\/uploads\/2025\/12\/Csurweb-8-200x300.jpg 200w, https:\/\/www.7prod.eu\/wp-content\/uploads\/2025\/12\/Csurweb-8-768x1152.jpg 768w, https:\/\/www.7prod.eu\/wp-content\/uploads\/2025\/12\/Csurweb-8-1024x1536.jpg 1024w, https:\/\/www.7prod.eu\/wp-content\/uploads\/2025\/12\/Csurweb-8-1365x2048.jpg 1365w, https:\/\/www.7prod.eu\/wp-content\/uploads\/2025\/12\/Csurweb-8-scaled.jpg 1707w\" sizes=\"(max-width: 683px) 100vw, 683px\" \/><\/figure>\n\n\n\n<figure class=\"wp-block-image size-large\"><img decoding=\"async\" width=\"683\" height=\"1024\" data-id=\"1012\" src=\"https:\/\/www.7prod.eu\/wp-content\/uploads\/2025\/12\/Csurweb-9-683x1024.jpg\" alt=\"\" class=\"wp-image-1012\" srcset=\"https:\/\/www.7prod.eu\/wp-content\/uploads\/2025\/12\/Csurweb-9-683x1024.jpg 683w, https:\/\/www.7prod.eu\/wp-content\/uploads\/2025\/12\/Csurweb-9-200x300.jpg 200w, https:\/\/www.7prod.eu\/wp-content\/uploads\/2025\/12\/Csurweb-9-768x1152.jpg 768w, https:\/\/www.7prod.eu\/wp-content\/uploads\/2025\/12\/Csurweb-9-1024x1536.jpg 1024w, https:\/\/www.7prod.eu\/wp-content\/uploads\/2025\/12\/Csurweb-9-1365x2048.jpg 1365w, https:\/\/www.7prod.eu\/wp-content\/uploads\/2025\/12\/Csurweb-9-scaled.jpg 1707w\" sizes=\"(max-width: 683px) 100vw, 683px\" \/><\/figure>\n\n\n\n<figure class=\"wp-block-image size-large is-style-default\"><img decoding=\"async\" width=\"1024\" height=\"683\" data-id=\"1014\" src=\"https:\/\/www.7prod.eu\/wp-content\/uploads\/2025\/12\/Csurweb-11-1024x683.jpg\" alt=\"\" class=\"wp-image-1014\" srcset=\"https:\/\/www.7prod.eu\/wp-content\/uploads\/2025\/12\/Csurweb-11-1024x683.jpg 1024w, https:\/\/www.7prod.eu\/wp-content\/uploads\/2025\/12\/Csurweb-11-300x200.jpg 300w, https:\/\/www.7prod.eu\/wp-content\/uploads\/2025\/12\/Csurweb-11-768x512.jpg 768w, https:\/\/www.7prod.eu\/wp-content\/uploads\/2025\/12\/Csurweb-11-1536x1024.jpg 1536w, https:\/\/www.7prod.eu\/wp-content\/uploads\/2025\/12\/Csurweb-11-2048x1365.jpg 2048w, https:\/\/www.7prod.eu\/wp-content\/uploads\/2025\/12\/Csurweb-11-507x338.jpg 507w\" sizes=\"(max-width: 1024px) 100vw, 1024px\" \/><\/figure>\n<\/figure>\n\n\n\n<figure class=\"wp-block-gallery has-nested-images columns-default is-cropped wp-block-gallery-2 is-layout-flex wp-block-gallery-is-layout-flex\">\n<figure class=\"wp-block-image size-large\"><img loading=\"lazy\" decoding=\"async\" width=\"819\" height=\"1024\" data-id=\"1044\" src=\"https:\/\/www.7prod.eu\/wp-content\/uploads\/2026\/01\/balazs_sofi-9-819x1024.jpg\" alt=\"\" class=\"wp-image-1044\" srcset=\"https:\/\/www.7prod.eu\/wp-content\/uploads\/2026\/01\/balazs_sofi-9-819x1024.jpg 819w, https:\/\/www.7prod.eu\/wp-content\/uploads\/2026\/01\/balazs_sofi-9-240x300.jpg 240w, https:\/\/www.7prod.eu\/wp-content\/uploads\/2026\/01\/balazs_sofi-9-768x960.jpg 768w, https:\/\/www.7prod.eu\/wp-content\/uploads\/2026\/01\/balazs_sofi-9-1229x1536.jpg 1229w, https:\/\/www.7prod.eu\/wp-content\/uploads\/2026\/01\/balazs_sofi-9-1639x2048.jpg 1639w, https:\/\/www.7prod.eu\/wp-content\/uploads\/2026\/01\/balazs_sofi-9-scaled.jpg 2048w\" sizes=\"(max-width: 819px) 100vw, 819px\" \/><\/figure>\n\n\n\n<figure class=\"wp-block-image size-large\"><img loading=\"lazy\" decoding=\"async\" width=\"683\" height=\"1024\" data-id=\"1046\" src=\"https:\/\/www.7prod.eu\/wp-content\/uploads\/2026\/01\/balazs_sofi-14-683x1024.jpg\" alt=\"\" class=\"wp-image-1046\" srcset=\"https:\/\/www.7prod.eu\/wp-content\/uploads\/2026\/01\/balazs_sofi-14-683x1024.jpg 683w, https:\/\/www.7prod.eu\/wp-content\/uploads\/2026\/01\/balazs_sofi-14-200x300.jpg 200w, https:\/\/www.7prod.eu\/wp-content\/uploads\/2026\/01\/balazs_sofi-14-768x1152.jpg 768w, https:\/\/www.7prod.eu\/wp-content\/uploads\/2026\/01\/balazs_sofi-14-1024x1536.jpg 1024w, https:\/\/www.7prod.eu\/wp-content\/uploads\/2026\/01\/balazs_sofi-14-1365x2048.jpg 1365w, https:\/\/www.7prod.eu\/wp-content\/uploads\/2026\/01\/balazs_sofi-14-scaled.jpg 1707w\" sizes=\"(max-width: 683px) 100vw, 683px\" \/><\/figure>\n\n\n\n<figure class=\"wp-block-image size-large\"><img loading=\"lazy\" decoding=\"async\" width=\"1024\" height=\"683\" data-id=\"1045\" src=\"https:\/\/www.7prod.eu\/wp-content\/uploads\/2026\/01\/balazs_sofi-17-1024x683.jpg\" alt=\"\" class=\"wp-image-1045\" srcset=\"https:\/\/www.7prod.eu\/wp-content\/uploads\/2026\/01\/balazs_sofi-17-1024x683.jpg 1024w, https:\/\/www.7prod.eu\/wp-content\/uploads\/2026\/01\/balazs_sofi-17-300x200.jpg 300w, https:\/\/www.7prod.eu\/wp-content\/uploads\/2026\/01\/balazs_sofi-17-768x512.jpg 768w, https:\/\/www.7prod.eu\/wp-content\/uploads\/2026\/01\/balazs_sofi-17-1536x1024.jpg 1536w, https:\/\/www.7prod.eu\/wp-content\/uploads\/2026\/01\/balazs_sofi-17-2048x1365.jpg 2048w, https:\/\/www.7prod.eu\/wp-content\/uploads\/2026\/01\/balazs_sofi-17-507x338.jpg 507w\" sizes=\"(max-width: 1024px) 100vw, 1024px\" \/><\/figure>\n<\/figure>\n\n\n\n<figure class=\"wp-block-gallery has-nested-images columns-default is-cropped wp-block-gallery-3 is-layout-flex wp-block-gallery-is-layout-flex\">\n<figure class=\"wp-block-image size-large\"><img loading=\"lazy\" decoding=\"async\" width=\"683\" height=\"1024\" data-id=\"1008\" src=\"https:\/\/www.7prod.eu\/wp-content\/uploads\/2025\/12\/IMG_4226-1-683x1024.jpg\" alt=\"\" class=\"wp-image-1008\" srcset=\"https:\/\/www.7prod.eu\/wp-content\/uploads\/2025\/12\/IMG_4226-1-683x1024.jpg 683w, https:\/\/www.7prod.eu\/wp-content\/uploads\/2025\/12\/IMG_4226-1-200x300.jpg 200w, https:\/\/www.7prod.eu\/wp-content\/uploads\/2025\/12\/IMG_4226-1-768x1152.jpg 768w, https:\/\/www.7prod.eu\/wp-content\/uploads\/2025\/12\/IMG_4226-1-1024x1536.jpg 1024w, https:\/\/www.7prod.eu\/wp-content\/uploads\/2025\/12\/IMG_4226-1-1365x2048.jpg 1365w, https:\/\/www.7prod.eu\/wp-content\/uploads\/2025\/12\/IMG_4226-1-scaled.jpg 1707w\" sizes=\"(max-width: 683px) 100vw, 683px\" \/><\/figure>\n\n\n\n<figure class=\"wp-block-image size-large\"><img loading=\"lazy\" decoding=\"async\" width=\"683\" height=\"1024\" data-id=\"1007\" src=\"https:\/\/www.7prod.eu\/wp-content\/uploads\/2025\/12\/IMG_4292-1-683x1024.jpg\" alt=\"\" class=\"wp-image-1007\" srcset=\"https:\/\/www.7prod.eu\/wp-content\/uploads\/2025\/12\/IMG_4292-1-683x1024.jpg 683w, https:\/\/www.7prod.eu\/wp-content\/uploads\/2025\/12\/IMG_4292-1-200x300.jpg 200w, https:\/\/www.7prod.eu\/wp-content\/uploads\/2025\/12\/IMG_4292-1-768x1152.jpg 768w, https:\/\/www.7prod.eu\/wp-content\/uploads\/2025\/12\/IMG_4292-1-1024x1536.jpg 1024w, https:\/\/www.7prod.eu\/wp-content\/uploads\/2025\/12\/IMG_4292-1-1365x2048.jpg 1365w, https:\/\/www.7prod.eu\/wp-content\/uploads\/2025\/12\/IMG_4292-1-scaled.jpg 1707w\" sizes=\"(max-width: 683px) 100vw, 683px\" \/><\/figure>\n\n\n\n<figure class=\"wp-block-image size-large\"><img loading=\"lazy\" decoding=\"async\" width=\"683\" height=\"1024\" data-id=\"1005\" src=\"https:\/\/www.7prod.eu\/wp-content\/uploads\/2025\/12\/IMG_4324-1-683x1024.jpg\" alt=\"\" class=\"wp-image-1005\" srcset=\"https:\/\/www.7prod.eu\/wp-content\/uploads\/2025\/12\/IMG_4324-1-683x1024.jpg 683w, https:\/\/www.7prod.eu\/wp-content\/uploads\/2025\/12\/IMG_4324-1-200x300.jpg 200w, https:\/\/www.7prod.eu\/wp-content\/uploads\/2025\/12\/IMG_4324-1-768x1152.jpg 768w, https:\/\/www.7prod.eu\/wp-content\/uploads\/2025\/12\/IMG_4324-1-1024x1536.jpg 1024w, https:\/\/www.7prod.eu\/wp-content\/uploads\/2025\/12\/IMG_4324-1-1365x2048.jpg 1365w, https:\/\/www.7prod.eu\/wp-content\/uploads\/2025\/12\/IMG_4324-1-scaled.jpg 1707w\" sizes=\"(max-width: 683px) 100vw, 683px\" \/><\/figure>\n<\/figure>\n\n\n\n<figure class=\"wp-block-gallery has-nested-images columns-default is-cropped wp-block-gallery-4 is-layout-flex wp-block-gallery-is-layout-flex\">\n<figure class=\"wp-block-image size-large\"><img loading=\"lazy\" decoding=\"async\" width=\"683\" height=\"1024\" data-id=\"1049\" src=\"https:\/\/www.7prod.eu\/wp-content\/uploads\/2026\/01\/patti-9-683x1024.jpg\" alt=\"\" class=\"wp-image-1049\" srcset=\"https:\/\/www.7prod.eu\/wp-content\/uploads\/2026\/01\/patti-9-683x1024.jpg 683w, https:\/\/www.7prod.eu\/wp-content\/uploads\/2026\/01\/patti-9-200x300.jpg 200w, https:\/\/www.7prod.eu\/wp-content\/uploads\/2026\/01\/patti-9-768x1152.jpg 768w, https:\/\/www.7prod.eu\/wp-content\/uploads\/2026\/01\/patti-9-1024x1536.jpg 1024w, https:\/\/www.7prod.eu\/wp-content\/uploads\/2026\/01\/patti-9-1365x2048.jpg 1365w, https:\/\/www.7prod.eu\/wp-content\/uploads\/2026\/01\/patti-9-scaled.jpg 1707w\" sizes=\"(max-width: 683px) 100vw, 683px\" \/><\/figure>\n\n\n\n<figure class=\"wp-block-image size-large\"><img loading=\"lazy\" decoding=\"async\" width=\"683\" height=\"1024\" data-id=\"1047\" src=\"https:\/\/www.7prod.eu\/wp-content\/uploads\/2026\/01\/patti-24-683x1024.jpg\" alt=\"\" class=\"wp-image-1047\" srcset=\"https:\/\/www.7prod.eu\/wp-content\/uploads\/2026\/01\/patti-24-683x1024.jpg 683w, https:\/\/www.7prod.eu\/wp-content\/uploads\/2026\/01\/patti-24-200x300.jpg 200w, https:\/\/www.7prod.eu\/wp-content\/uploads\/2026\/01\/patti-24-768x1152.jpg 768w, https:\/\/www.7prod.eu\/wp-content\/uploads\/2026\/01\/patti-24-1024x1536.jpg 1024w, https:\/\/www.7prod.eu\/wp-content\/uploads\/2026\/01\/patti-24-1365x2048.jpg 1365w, https:\/\/www.7prod.eu\/wp-content\/uploads\/2026\/01\/patti-24-scaled.jpg 1707w\" sizes=\"(max-width: 683px) 100vw, 683px\" \/><\/figure>\n\n\n\n<figure class=\"wp-block-image size-large\"><img loading=\"lazy\" decoding=\"async\" width=\"683\" height=\"1024\" data-id=\"1048\" src=\"https:\/\/www.7prod.eu\/wp-content\/uploads\/2026\/01\/patti-17-683x1024.jpg\" alt=\"\" class=\"wp-image-1048\" srcset=\"https:\/\/www.7prod.eu\/wp-content\/uploads\/2026\/01\/patti-17-683x1024.jpg 683w, https:\/\/www.7prod.eu\/wp-content\/uploads\/2026\/01\/patti-17-200x300.jpg 200w, https:\/\/www.7prod.eu\/wp-content\/uploads\/2026\/01\/patti-17-768x1152.jpg 768w, https:\/\/www.7prod.eu\/wp-content\/uploads\/2026\/01\/patti-17-1024x1536.jpg 1024w, https:\/\/www.7prod.eu\/wp-content\/uploads\/2026\/01\/patti-17-1365x2048.jpg 1365w, https:\/\/www.7prod.eu\/wp-content\/uploads\/2026\/01\/patti-17-scaled.jpg 1707w\" sizes=\"(max-width: 683px) 100vw, 683px\" \/><\/figure>\n<\/figure>\n\n\n\n<figure class=\"wp-block-gallery has-nested-images columns-default is-cropped wp-block-gallery-5 is-layout-flex wp-block-gallery-is-layout-flex\">\n<figure class=\"wp-block-image size-large\"><img loading=\"lazy\" decoding=\"async\" width=\"683\" height=\"1024\" data-id=\"1022\" src=\"https:\/\/www.7prod.eu\/wp-content\/uploads\/2025\/12\/farkasova_nikoleta_14.12.2025-3-683x1024.jpg\" alt=\"\" class=\"wp-image-1022\" srcset=\"https:\/\/www.7prod.eu\/wp-content\/uploads\/2025\/12\/farkasova_nikoleta_14.12.2025-3-683x1024.jpg 683w, https:\/\/www.7prod.eu\/wp-content\/uploads\/2025\/12\/farkasova_nikoleta_14.12.2025-3-200x300.jpg 200w, https:\/\/www.7prod.eu\/wp-content\/uploads\/2025\/12\/farkasova_nikoleta_14.12.2025-3-768x1152.jpg 768w, https:\/\/www.7prod.eu\/wp-content\/uploads\/2025\/12\/farkasova_nikoleta_14.12.2025-3-1024x1536.jpg 1024w, https:\/\/www.7prod.eu\/wp-content\/uploads\/2025\/12\/farkasova_nikoleta_14.12.2025-3-1365x2048.jpg 1365w, https:\/\/www.7prod.eu\/wp-content\/uploads\/2025\/12\/farkasova_nikoleta_14.12.2025-3-scaled.jpg 1707w\" sizes=\"(max-width: 683px) 100vw, 683px\" \/><\/figure>\n\n\n\n<figure class=\"wp-block-image size-large\"><img loading=\"lazy\" decoding=\"async\" width=\"683\" height=\"1024\" data-id=\"1020\" src=\"https:\/\/www.7prod.eu\/wp-content\/uploads\/2025\/12\/farkasova_nikoleta_14.12.2025-7-683x1024.jpg\" alt=\"\" class=\"wp-image-1020\" srcset=\"https:\/\/www.7prod.eu\/wp-content\/uploads\/2025\/12\/farkasova_nikoleta_14.12.2025-7-683x1024.jpg 683w, https:\/\/www.7prod.eu\/wp-content\/uploads\/2025\/12\/farkasova_nikoleta_14.12.2025-7-200x300.jpg 200w, https:\/\/www.7prod.eu\/wp-content\/uploads\/2025\/12\/farkasova_nikoleta_14.12.2025-7-768x1152.jpg 768w, https:\/\/www.7prod.eu\/wp-content\/uploads\/2025\/12\/farkasova_nikoleta_14.12.2025-7-1024x1536.jpg 1024w, https:\/\/www.7prod.eu\/wp-content\/uploads\/2025\/12\/farkasova_nikoleta_14.12.2025-7-1365x2048.jpg 1365w, https:\/\/www.7prod.eu\/wp-content\/uploads\/2025\/12\/farkasova_nikoleta_14.12.2025-7-scaled.jpg 1707w\" sizes=\"(max-width: 683px) 100vw, 683px\" \/><\/figure>\n\n\n\n<figure class=\"wp-block-image size-large\"><img loading=\"lazy\" decoding=\"async\" width=\"683\" height=\"1024\" data-id=\"1021\" src=\"https:\/\/www.7prod.eu\/wp-content\/uploads\/2025\/12\/farkasova_nikoleta_14.12.2025-8-683x1024.jpg\" alt=\"\" class=\"wp-image-1021\" srcset=\"https:\/\/www.7prod.eu\/wp-content\/uploads\/2025\/12\/farkasova_nikoleta_14.12.2025-8-683x1024.jpg 683w, https:\/\/www.7prod.eu\/wp-content\/uploads\/2025\/12\/farkasova_nikoleta_14.12.2025-8-200x300.jpg 200w, https:\/\/www.7prod.eu\/wp-content\/uploads\/2025\/12\/farkasova_nikoleta_14.12.2025-8-768x1152.jpg 768w, https:\/\/www.7prod.eu\/wp-content\/uploads\/2025\/12\/farkasova_nikoleta_14.12.2025-8-1024x1536.jpg 1024w, https:\/\/www.7prod.eu\/wp-content\/uploads\/2025\/12\/farkasova_nikoleta_14.12.2025-8-1365x2048.jpg 1365w, https:\/\/www.7prod.eu\/wp-content\/uploads\/2025\/12\/farkasova_nikoleta_14.12.2025-8-scaled.jpg 1707w\" sizes=\"(max-width: 683px) 100vw, 683px\" \/><\/figure>\n<\/figure>\n\n\n\n\n\n","protected":false},"excerpt":{"rendered":"","protected":false},"author":2,"featured_media":0,"parent":0,"menu_order":0,"comment_status":"closed","ping_status":"closed","template":"","meta":{"pagelayer_contact_templates":[],"_pagelayer_content":"","footnotes":""},"class_list":["post-83","page","type-page","status-publish","hentry"],"_links":{"self":[{"href":"https:\/\/www.7prod.eu\/index.php?rest_route=\/wp\/v2\/pages\/83","targetHints":{"allow":["GET"]}}],"collection":[{"href":"https:\/\/www.7prod.eu\/index.php?rest_route=\/wp\/v2\/pages"}],"about":[{"href":"https:\/\/www.7prod.eu\/index.php?rest_route=\/wp\/v2\/types\/page"}],"author":[{"embeddable":true,"href":"https:\/\/www.7prod.eu\/index.php?rest_route=\/wp\/v2\/users\/2"}],"replies":[{"embeddable":true,"href":"https:\/\/www.7prod.eu\/index.php?rest_route=%2Fwp%2Fv2%2Fcomments&post=83"}],"version-history":[{"count":182,"href":"https:\/\/www.7prod.eu\/index.php?rest_route=\/wp\/v2\/pages\/83\/revisions"}],"predecessor-version":[{"id":1075,"href":"https:\/\/www.7prod.eu\/index.php?rest_route=\/wp\/v2\/pages\/83\/revisions\/1075"}],"wp:attachment":[{"href":"https:\/\/www.7prod.eu\/index.php?rest_route=%2Fwp%2Fv2%2Fmedia&parent=83"}],"curies":[{"name":"wp","href":"https:\/\/api.w.org\/{rel}","templated":true}]}}